{"id":906,"date":"2025-06-04T12:06:01","date_gmt":"2025-06-04T10:06:01","guid":{"rendered":"https:\/\/seaspirit.it\/?page_id=906"},"modified":"2026-03-05T17:53:45","modified_gmt":"2026-03-05T16:53:45","slug":"check-in-snorkeling","status":"publish","type":"page","link":"https:\/\/seaspirit.it\/fr\/check-in\/check-in-snorkeling\/","title":{"rendered":"Check-in Snorkeling"},"content":{"rendered":"\n\n\n\n\n<div class=\"wpcf7 no-js\" id=\"wpcf7-f871-o1\" lang=\"it-IT\" dir=\"ltr\" data-wpcf7-id=\"871\">\n<div class=\"screen-reader-response\"><p role=\"status\" aria-live=\"polite\" aria-atomic=\"true\"><\/p> <ul><\/ul><\/div>\n<form action=\"\/fr\/wp-json\/wp\/v2\/pages\/906#wpcf7-f871-o1\" method=\"post\" class=\"wpcf7-form init\" aria-label=\"Modulo di contatto\" novalidate=\"novalidate\" data-status=\"init\">\n<fieldset class=\"hidden-fields-container\"><input type=\"hidden\" name=\"_wpcf7\" value=\"871\" \/><input type=\"hidden\" name=\"_wpcf7_version\" value=\"6.1.5\" \/><input type=\"hidden\" name=\"_wpcf7_locale\" value=\"it_IT\" \/><input type=\"hidden\" name=\"_wpcf7_unit_tag\" value=\"wpcf7-f871-o1\" \/><input type=\"hidden\" name=\"_wpcf7_container_post\" value=\"0\" \/><input type=\"hidden\" name=\"_wpcf7_posted_data_hash\" value=\"\" \/>\n<\/fieldset>\n<link rel=\"stylesheet\" href=\"https:\/\/seaspirit.it\/wp-content\/plugins\/pdf-forms-for-contact-form-7\/css\/frontend.css\" \/><script type=\"text\/javascript\" src=\"https:\/\/seaspirit.it\/wp-content\/plugins\/pdf-forms-for-contact-form-7\/js\/frontend.js?ver=2.2.5\"><\/script><h4 class=\"titolo\"><span class=\"num\">1.<\/span> SAISISSEZ VOS DONN\u00c9ES PERSONNELLES\n<\/h4>\n<div class=\"col-6\">\n\t<p><label> Nom et Pr\u00e9nom<sup>*<\/sup><\/label><br \/>\n<span class=\"wpcf7-form-control-wrap\" data-name=\"nomepartecipante\"><input size=\"40\" maxlength=\"400\" class=\"wpcf7-form-control wpcf7-text wpcf7-validates-as-required\" id=\"nomepartecipante\" aria-required=\"true\" aria-invalid=\"false\" placeholder=\"INS\u00c9RER\" value=\"\" type=\"text\" name=\"nomepartecipante\" \/><\/span>\n\t<\/p>\n<\/div>\n<div class=\"col-3\">\n\t<p><label>Date de naissance<sup>*<\/sup><\/label><br \/>\n<span class=\"wpcf7-form-control-wrap\" data-name=\"datanascita-767\"><input class=\"wpcf7-form-control wpcf7-date wpcf7-validates-as-required wpcf7-validates-as-date\" aria-required=\"true\" aria-invalid=\"false\" value=\"\" type=\"date\" name=\"datanascita-767\" \/><\/span>\n\t<\/p>\n<\/div>\n<div class=\"col-3\">\n\t<p><label>Sexe<\/label><br \/>\n<span class=\"wpcf7-form-control-wrap\" data-name=\"menu-801\"><select class=\"wpcf7-form-control wpcf7-select\" aria-invalid=\"false\" name=\"menu-801\"><option value=\"M\">M<\/option><option value=\"F\">F<\/option><\/select><\/span>\n\t<\/p>\n<\/div>\n<div class=\"row\" style=\"display: inline-block;\">\n\t<div class=\"col-3\">\n\t\t<p><label>Pays de naissance<sup>*<\/sup><\/label><br \/>\n<span class=\"wpcf7-form-control-wrap\" data-name=\"luogonascita-167\"><input size=\"40\" maxlength=\"400\" class=\"wpcf7-form-control wpcf7-text wpcf7-validates-as-required\" aria-required=\"true\" aria-invalid=\"false\" value=\"\" type=\"text\" name=\"luogonascita-167\" \/><\/span>\n\t\t<\/p>\n\t<\/div>\n\t<div class=\"col-6\">\n\t\t<p><label>Adresse<sup>*<\/sup><\/label><br \/>\n<span class=\"wpcf7-form-control-wrap\" data-name=\"indirizzovia-727\"><input size=\"40\" maxlength=\"400\" class=\"wpcf7-form-control wpcf7-text wpcf7-validates-as-required\" aria-required=\"true\" aria-invalid=\"false\" placeholder=\"INS\u00c9RER\" value=\"\" type=\"text\" name=\"indirizzovia-727\" \/><\/span>\n\t\t<\/p>\n\t<\/div>\n\t<div class=\"col-3\">\n\t\t<p><label>Code postal<sup>*<\/sup><\/label><br \/>\n<span class=\"wpcf7-form-control-wrap\" data-name=\"cap-769\"><input size=\"40\" maxlength=\"400\" class=\"wpcf7-form-control wpcf7-text wpcf7-validates-as-required\" aria-required=\"true\" aria-invalid=\"false\" placeholder=\"INS\u00c9RER\" value=\"\" type=\"text\" name=\"cap-769\" \/><\/span>\n\t\t<\/p>\n\t<\/div>\n<\/div>\n<div class=\"col-4\">\n\t<p><label>Ville<sup>*<\/sup><\/label><br \/>\n<span class=\"wpcf7-form-control-wrap\" data-name=\"citta-763\"><input size=\"40\" maxlength=\"400\" class=\"wpcf7-form-control wpcf7-text wpcf7-validates-as-required\" aria-required=\"true\" aria-invalid=\"false\" placeholder=\"INS\u00c9RER\" value=\"\" type=\"text\" name=\"citta-763\" \/><\/span>\n\t<\/p>\n<\/div>\n<div class=\"col-4\">\n\t<p><label>Pays<sup>*<\/sup><\/label><br \/>\n<span class=\"wpcf7-form-control-wrap\" data-name=\"paese-763\"><input size=\"40\" maxlength=\"400\" class=\"wpcf7-form-control wpcf7-text wpcf7-validates-as-required\" aria-required=\"true\" aria-invalid=\"false\" placeholder=\"INS\u00c9RER\" value=\"\" type=\"text\" name=\"paese-763\" \/><\/span>\n\t<\/p>\n<\/div>\n<div class=\"col-4\">\n\t<p><label>Date de r\u00e9servation<sup>*<\/sup><\/label><br \/>\n<span class=\"wpcf7-form-control-wrap\" data-name=\"dataprenotazione-763\"><input class=\"wpcf7-form-control wpcf7-date wpcf7-validates-as-required wpcf7-validates-as-date\" id=\"data\" aria-required=\"true\" aria-invalid=\"false\" value=\"\" type=\"date\" name=\"dataprenotazione-763\" \/><\/span>\n\t<\/p>\n<\/div>\n<div class=\"col-4\">\n\t<p><label>T\u00e9l\u00e9phone<sup>*<\/sup><\/label><br \/>\n<span class=\"wpcf7-form-control-wrap\" data-name=\"telefono-763\"><input size=\"40\" maxlength=\"400\" class=\"wpcf7-form-control wpcf7-text wpcf7-validates-as-required\" aria-required=\"true\" aria-invalid=\"false\" placeholder=\"INS\u00c9RER\" value=\"\" type=\"text\" name=\"telefono-763\" \/><\/span>\n\t<\/p>\n<\/div>\n<div class=\"col-4\">\n\t<p><label>Email<sup>*<\/sup><\/label><br \/>\n<span class=\"wpcf7-form-control-wrap\" data-name=\"email-763\"><input size=\"40\" maxlength=\"400\" class=\"wpcf7-form-control wpcf7-text wpcf7-validates-as-required\" aria-required=\"true\" aria-invalid=\"false\" placeholder=\"INS\u00c9RER\" value=\"\" type=\"text\" name=\"email-763\" \/><\/span>\n\t<\/p>\n<\/div>\n<div class=\"col-4\">\n\t<p><label>H\u00f4tel<\/label><br \/>\n<span class=\"wpcf7-form-control-wrap\" data-name=\"albergo-763\"><input size=\"40\" maxlength=\"400\" class=\"wpcf7-form-control wpcf7-text\" aria-invalid=\"false\" placeholder=\"INS\u00c9RER\" value=\"\" type=\"text\" name=\"albergo-763\" \/><\/span>\n\t<\/p>\n<\/div>\n<div class=\"col-4\">\n\t<p><label>Num\u00e9ro de chambre<\/label><br \/>\n<span class=\"wpcf7-form-control-wrap\" data-name=\"stanza-763\"><input size=\"40\" maxlength=\"400\" class=\"wpcf7-form-control wpcf7-text\" aria-invalid=\"false\" placeholder=\"INS\u00c9RER\" value=\"\" type=\"text\" name=\"stanza-763\" \/><\/span>\n\t<\/p>\n<\/div>\n<div class=\"col-4\">\n\t<p><label>Check-in<\/label><br \/>\n<span class=\"wpcf7-form-control-wrap\" data-name=\"dal-763\"><input size=\"40\" maxlength=\"400\" class=\"wpcf7-form-control wpcf7-text\" aria-invalid=\"false\" placeholder=\"INS\u00c9RER\" value=\"\" type=\"text\" name=\"dal-763\" \/><\/span>\n\t<\/p>\n<\/div>\n<div class=\"col-4\">\n\t<p><label>Check-out<\/label><br \/>\n<span class=\"wpcf7-form-control-wrap\" data-name=\"al-763\"><input size=\"40\" maxlength=\"400\" class=\"wpcf7-form-control wpcf7-text\" aria-invalid=\"false\" placeholder=\"INS\u00c9RER\" value=\"\" type=\"text\" name=\"al-763\" \/><\/span>\n\t<\/p>\n<\/div>\n<div class=\"col-12\">\n\t<p><label>Personne \u00e0 contacter et num\u00e9ro de t\u00e9l\u00e9phone en cas d'urgence <\/label><br \/>\n<span class=\"wpcf7-form-control-wrap\" data-name=\"nemergenza-763\"><input size=\"40\" maxlength=\"400\" class=\"wpcf7-form-control wpcf7-text\" aria-invalid=\"false\" placeholder=\"INS\u00c9RER\" value=\"\" type=\"text\" name=\"nemergenza-763\" \/><\/span>\n\t<\/p>\n<\/div>\n<div class=\"col-12\">\n\t<p><label>Noms complets des autres participants<\/label><br \/>\n<span class=\"wpcf7-form-control-wrap\" data-name=\"altripartecipanti-764\"><input size=\"40\" maxlength=\"400\" class=\"wpcf7-form-control wpcf7-text\" aria-invalid=\"false\" placeholder=\"INS\u00c9RER\" value=\"\" type=\"text\" name=\"altripartecipanti-764\" \/><\/span>\n\t<\/p>\n<\/div>\n<div class=\"col-12\">\n\t<h4 class=\"titolo\"><span class=\"num\">2.<\/span>DEMANDE \u00e0 \u00eatre admis comme membre du club sportif \"Sea Spirit SSD ARL\" pour la plong\u00e9e, les cours de plong\u00e9e, le snorkeling P.IVA 03402030831 - Si\u00e8ge \u00e0 Via Recanati 26, Giardini-Naxos (ME)\n\t<\/h4>\n\t<div class=\"testomodulo\">\n\t\t<p class=\"p2\"><b>D\u00c9CLARE<\/b> \u00eatre inform\u00e9 que la structure dans laquelle il pratique son activit\u00e9 sportive est l\u00e9galement constitu\u00e9e sous la forme d'un club sportif \u00e0 but non lucratif reconnu par le CONI.\n\t\t<\/p>\n\t\t<p><b>D\u00c9CLARE<\/b> \u00e9galement avoir accept\u00e9 la police d'assurance pour blessures personnelles fournie par l'affiliation de la soci\u00e9t\u00e9 afin de prot\u00e9ger ses membres lors des activit\u00e9s institutionnelles. L'affili\u00e9 d\u00e9clare donc d\u00e9gager la soci\u00e9t\u00e9 de toute responsabilit\u00e9 pour les indemnisations non reconnues ou partiellement rembours\u00e9es par l'assureur, pour tout accident pouvant survenir avant, pendant ou apr\u00e8s les activit\u00e9s. Il d\u00e9clare avoir compris les informations concernant l'utilisation des donn\u00e9es personnelles, conform\u00e9ment \u00e0 l'article 13 du d\u00e9cret l\u00e9gislatif n\u00b0 196 du 30 juin 2003 relatif \u00e0 la protection des donn\u00e9es personnelles. Il autorise leur traitement dans la mesure n\u00e9cessaire \u00e0 la poursuite des objectifs statutaires et institutionnels. En vertu de l'article 13 du d\u00e9cret l\u00e9gislatif n\u00b0 196\/2003, il d\u00e9clare avoir connaissance que les donn\u00e9es fournies seront trait\u00e9es dans le respect de ladite loi et des obligations de confidentialit\u00e9, exclusivement pour des activit\u00e9s institutionnelles et donc li\u00e9es aux objectifs statutaires, au moyen de supports \u00e9lectroniques ou papier assurant s\u00e9curit\u00e9 et confidentialit\u00e9. Concernant ces traitements, il pourra exercer les droits pr\u00e9vus \u00e0 l'article 7 du d\u00e9cret (suppression, modification, opposition au traitement).\n\t\t<\/p>\n\t\t<p>J'autorise par la pr\u00e9sente tous les droits relatifs aux films, supports num\u00e9riques, photographies, enregistrements audio et citations imprim\u00e9es r\u00e9alis\u00e9s pendant ma participation aux activit\u00e9s quotidiennes de Sea Spirit par ses repr\u00e9sentants ou leurs d\u00e9l\u00e9gu\u00e9s. J'autorise la reproduction, le droit d'auteur, l'exposition et\/ou la distribution de ces contenus sans limitation dans le monde entier, \u00e0 toute fin. Sea Spirit SSD ARL ou ses d\u00e9l\u00e9gu\u00e9s peuvent utiliser les contenus mentionn\u00e9s \u00e0 des fins publicitaires, de promotion et de communication. Aucune compensation financi\u00e8re ne me sera due pour cet usage, ni maintenant ni \u00e0 l'avenir.\n\t\t<\/p>\n\t<\/div>\n<\/div>\n<div class=\"col-12\">\n\t<div class=\"radioform\">\n\t\t<p><span class=\"wpcf7-form-control-wrap\" data-name=\"accettazioneiscrizioneassociazione\"><span class=\"wpcf7-form-control wpcf7-acceptance\"><span class=\"wpcf7-list-item\"><label><input type=\"checkbox\" name=\"accettazioneiscrizioneassociazione\" value=\"1\" checked=\"checked\" aria-invalid=\"false\" \/><span class=\"wpcf7-list-item-label\">Je d\u00e9clare avoir lu et ACCEPTER l'inscription au club sportif amateur \"Sea Spirit SSD ARL\"<sup>*<\/sup><\/span><\/label><\/span><\/span><\/span>\n\t\t<\/p>\n\t<\/div>\n\t<div style=\"display:none\">\n\t\t<p><span class=\"wpcf7-form-control-wrap\" data-name=\"data2-808\"><input size=\"40\" maxlength=\"400\" class=\"wpcf7-form-control wpcf7-text\" id=\"data2\" aria-invalid=\"false\" value=\"\" type=\"text\" name=\"data2-808\" \/><\/span><br \/>\n<span class=\"wpcf7-form-control-wrap\" data-name=\"data3-808\"><input size=\"40\" maxlength=\"400\" class=\"wpcf7-form-control wpcf7-text\" id=\"data3\" aria-invalid=\"false\" value=\"\" type=\"text\" name=\"data3-808\" \/><\/span><br \/>\n<span class=\"wpcf7-form-control-wrap\" data-name=\"data4-808\"><input size=\"40\" maxlength=\"400\" class=\"wpcf7-form-control wpcf7-text\" id=\"data4\" aria-invalid=\"false\" value=\"\" type=\"text\" name=\"data4-808\" \/><\/span><br \/>\n<span class=\"wpcf7-form-control-wrap\" data-name=\"data5-808\"><input size=\"40\" maxlength=\"400\" class=\"wpcf7-form-control wpcf7-text\" id=\"data5\" aria-invalid=\"false\" value=\"\" type=\"text\" name=\"data5-808\" \/><\/span>\n\t\t<\/p>\n\t<\/div>\n<\/div>\n<h4 class=\"titolo\"><span class=\"num\">3.<\/span>Signatures\n<\/h4>\n<div class=\"col-12 radioform\">\n\t<p><label>Avez-vous moins de 18 ans ?<sup>*<\/sup><\/label><br \/>\n<span class=\"wpcf7-form-control-wrap\" data-name=\"radio_eta\"><span class=\"wpcf7-form-control wpcf7-radio\"><span class=\"wpcf7-list-item first\"><input type=\"radio\" name=\"radio_eta\" value=\"NO\" checked=\"checked\" \/><span class=\"wpcf7-list-item-label\">NO<\/span><\/span><span class=\"wpcf7-list-item last\"><input type=\"radio\" name=\"radio_eta\" value=\"SI\" \/><span class=\"wpcf7-list-item-label\">SI<\/span><\/span><\/span><\/span>\n\t<\/p>\n<\/div>\n<div class=\"col-6\">\n\t<p><label><b>Signature du participant<\/b> pour [1] Le traitement des donn\u00e9es personnelles<sup>*<\/sup><\/label>\n\t<\/p>\n\t<div class=\"indicazionifirma\">\n\t\t<p>Signez avec votre doigt ou votre souris\n\t\t<\/p>\n\t<\/div>\n\t<p><div class=\"wpcf7-form-control-signature-global-wrap\" data-field-id=\"firmapartecipantetrattdati\">\n\t\t\t\t<div class=\"wpcf7-form-control-signature-wrap\" style=\"width:300px;height:100px;\">\n\t\t\t\t\t<div class=\"wpcf7-form-control-signature-body\">\n\t\t\t\t\t\t<canvas id=\"wpcf7_firmapartecipantetrattdati_signature\" class=\"firmapartecipantetrattdati\"><\/canvas>\n\t\t\t\t\t<\/div>\n\t\t\t\t<\/div>\n\t\t\t\t<div class=\"wpcf7-form-control-clear-wrap\">\n\t\t\t\t\t<input id=\"wpcf7_firmapartecipantetrattdati_clear\" type=\"button\" value=\"Clear\"\/>\n\t\t\t\t<\/div>\n\t\t\t<\/div>\n\t\t\t<span class=\"wpcf7-form-control-wrap wpcf7-form-control-signature-input-wrap firmapartecipantetrattdati\">\n\t\t\t\t<input aria-required=\"true\" aria-invalid=\"false\" value=\"\" type=\"hidden\" name=\"firmapartecipantetrattdati\" id=\"wpcf7_input_firmapartecipantetrattdati\"\/><input type=\"hidden\" name=\"firmapartecipantetrattdati-attachment\" id=\"wpcf7_input_firmapartecipantetrattdati_attachment\"\/><input type=\"hidden\" name=\"firmapartecipantetrattdati-inline\" id=\"wpcf7_input_firmapartecipantetrattdati_inline\"\/>\n\t\t\t<\/span>\n\t\t\t\n\t<\/p>\n<\/div>\n<div class=\"col-6 firmagenitore\">\n\t<p><label><b>Signature du parent<\/b> pour [1] Le traitement des donn\u00e9es personnelles<sup>*<\/sup><\/label>\n\t<\/p>\n\t<div class=\"indicazionifirma\">\n\t\t<p>Signez avec votre doigt ou votre souris\n\t\t<\/p>\n\t<\/div>\n\t<p><div class=\"wpcf7-form-control-signature-global-wrap\" data-field-id=\"firmagenitoreultima\">\n\t\t\t\t<div class=\"wpcf7-form-control-signature-wrap\" style=\"width:300px;height:100px;\">\n\t\t\t\t\t<div class=\"wpcf7-form-control-signature-body\">\n\t\t\t\t\t\t<canvas id=\"wpcf7_firmagenitoreultima_signature\" class=\"firmagenitoreultima\"><\/canvas>\n\t\t\t\t\t<\/div>\n\t\t\t\t<\/div>\n\t\t\t\t<div class=\"wpcf7-form-control-clear-wrap\">\n\t\t\t\t\t<input id=\"wpcf7_firmagenitoreultima_clear\" type=\"button\" value=\"Clear\"\/>\n\t\t\t\t<\/div>\n\t\t\t<\/div>\n\t\t\t<span class=\"wpcf7-form-control-wrap wpcf7-form-control-signature-input-wrap firmagenitoreultima\">\n\t\t\t\t<input aria-invalid=\"false\" value=\"\" type=\"hidden\" name=\"firmagenitoreultima\" id=\"wpcf7_input_firmagenitoreultima\"\/><input type=\"hidden\" name=\"firmagenitoreultima-attachment\" id=\"wpcf7_input_firmagenitoreultima_attachment\"\/><input type=\"hidden\" name=\"firmagenitoreultima-inline\" id=\"wpcf7_input_firmagenitoreultima_inline\"\/>\n\t\t\t<\/span>\n\t\t\t\n\t<\/p>\n<\/div>\n<div class=\"col-6\">\n\t<p><label><b>Signature du participant<\/b> pour [2] DEMANDE D'ADH\u00c9SION AU CLUB SPORTIF \"Sea Spirit SSD ARL\"<sup>*<\/sup><\/label>\n\t<\/p>\n\t<div class=\"indicazionifirma\">\n\t\t<p>Signez avec votre doigt ou votre souris\n\t\t<\/p>\n\t<\/div>\n\t<p><div class=\"wpcf7-form-control-signature-global-wrap\" data-field-id=\"firmapartecipanteiscrsoci\">\n\t\t\t\t<div class=\"wpcf7-form-control-signature-wrap\" style=\"width:300px;height:100px;\">\n\t\t\t\t\t<div class=\"wpcf7-form-control-signature-body\">\n\t\t\t\t\t\t<canvas id=\"wpcf7_firmapartecipanteiscrsoci_signature\" class=\"firmapartecipanteiscrsoci\"><\/canvas>\n\t\t\t\t\t<\/div>\n\t\t\t\t<\/div>\n\t\t\t\t<div class=\"wpcf7-form-control-clear-wrap\">\n\t\t\t\t\t<input id=\"wpcf7_firmapartecipanteiscrsoci_clear\" type=\"button\" value=\"Clear\"\/>\n\t\t\t\t<\/div>\n\t\t\t<\/div>\n\t\t\t<span class=\"wpcf7-form-control-wrap wpcf7-form-control-signature-input-wrap firmapartecipanteiscrsoci\">\n\t\t\t\t<input aria-required=\"true\" aria-invalid=\"false\" value=\"\" type=\"hidden\" name=\"firmapartecipanteiscrsoci\" id=\"wpcf7_input_firmapartecipanteiscrsoci\"\/><input type=\"hidden\" name=\"firmapartecipanteiscrsoci-attachment\" id=\"wpcf7_input_firmapartecipanteiscrsoci_attachment\"\/><input type=\"hidden\" name=\"firmapartecipanteiscrsoci-inline\" id=\"wpcf7_input_firmapartecipanteiscrsoci_inline\"\/>\n\t\t\t<\/span>\n\t\t\t\n\t<\/p>\n<\/div>\n<div class=\"col-6 firmagenitore\">\n\t<p><label><b>Signature du parent<\/b> pour [2] DEMANDE D'ADH\u00c9SION AU CLUB SPORTIF \"Sea Spirit SSD ARL\"<sup>*<\/sup><\/label>\n\t<\/p>\n\t<div class=\"indicazionifirma\">\n\t\t<p>Signez avec votre doigt ou votre souris\n\t\t<\/p>\n\t<\/div>\n\t<p><div class=\"wpcf7-form-control-signature-global-wrap\" data-field-id=\"firmagenitoreiscrsoci\">\n\t\t\t\t<div class=\"wpcf7-form-control-signature-wrap\" style=\"width:300px;height:100px;\">\n\t\t\t\t\t<div class=\"wpcf7-form-control-signature-body\">\n\t\t\t\t\t\t<canvas id=\"wpcf7_firmagenitoreiscrsoci_signature\" class=\"firmagenitoreiscrsoci\"><\/canvas>\n\t\t\t\t\t<\/div>\n\t\t\t\t<\/div>\n\t\t\t\t<div class=\"wpcf7-form-control-clear-wrap\">\n\t\t\t\t\t<input id=\"wpcf7_firmagenitoreiscrsoci_clear\" type=\"button\" value=\"Clear\"\/>\n\t\t\t\t<\/div>\n\t\t\t<\/div>\n\t\t\t<span class=\"wpcf7-form-control-wrap wpcf7-form-control-signature-input-wrap firmagenitoreiscrsoci\">\n\t\t\t\t<input aria-invalid=\"false\" value=\"\" type=\"hidden\" name=\"firmagenitoreiscrsoci\" id=\"wpcf7_input_firmagenitoreiscrsoci\"\/><input type=\"hidden\" name=\"firmagenitoreiscrsoci-attachment\" id=\"wpcf7_input_firmagenitoreiscrsoci_attachment\"\/><input type=\"hidden\" name=\"firmagenitoreiscrsoci-inline\" id=\"wpcf7_input_firmagenitoreiscrsoci_inline\"\/>\n\t\t\t<\/span>\n\t\t\t\n\t<\/p>\n<\/div>\n<div class=\"col-12\">\n\t<p>Tous les champs marqu\u00e9s d\u2019un<sup>*<\/sup> sont obligatoires.\n\t<\/p>\n<\/div>\n<p><input class=\"wpcf7-form-control wpcf7-submit has-spinner\" type=\"submit\" value=\"FAIRE LE CHECK-IN\" \/>\n<\/p><div class=\"wpcf7-response-output\" aria-hidden=\"true\"><\/div>\n<\/form>\n<\/div>\n\n\n\n\n<p><\/p>\n","protected":false},"excerpt":{"rendered":"","protected":false},"author":1,"featured_media":0,"parent":893,"menu_order":0,"comment_status":"closed","ping_status":"closed","template":"","meta":{"_acf_changed":false,"inline_featured_image":false,"footnotes":""},"class_list":["post-906","page","type-page","status-publish","hentry"],"acf":[],"_links":{"self":[{"href":"https:\/\/seaspirit.it\/fr\/wp-json\/wp\/v2\/pages\/906","targetHints":{"allow":["GET"]}}],"collection":[{"href":"https:\/\/seaspirit.it\/fr\/wp-json\/wp\/v2\/pages"}],"about":[{"href":"https:\/\/seaspirit.it\/fr\/wp-json\/wp\/v2\/types\/page"}],"author":[{"embeddable":true,"href":"https:\/\/seaspirit.it\/fr\/wp-json\/wp\/v2\/users\/1"}],"replies":[{"embeddable":true,"href":"https:\/\/seaspirit.it\/fr\/wp-json\/wp\/v2\/comments?post=906"}],"version-history":[{"count":8,"href":"https:\/\/seaspirit.it\/fr\/wp-json\/wp\/v2\/pages\/906\/revisions"}],"predecessor-version":[{"id":1226,"href":"https:\/\/seaspirit.it\/fr\/wp-json\/wp\/v2\/pages\/906\/revisions\/1226"}],"up":[{"embeddable":true,"href":"https:\/\/seaspirit.it\/fr\/wp-json\/wp\/v2\/pages\/893"}],"wp:attachment":[{"href":"https:\/\/seaspirit.it\/fr\/wp-json\/wp\/v2\/media?parent=906"}],"curies":[{"name":"wp","href":"https:\/\/api.w.org\/{rel}","templated":true}]}}