{"id":494,"date":"2025-05-08T17:28:43","date_gmt":"2025-05-08T15:28:43","guid":{"rendered":"https:\/\/seaspirit.it\/?page_id=494"},"modified":"2026-03-12T16:17:43","modified_gmt":"2026-03-12T15:17:43","slug":"mark-soworka","status":"publish","type":"page","link":"https:\/\/seaspirit.it\/fr\/qui-sommes-nous\/mark-soworka\/","title":{"rendered":"Mark Soworka"},"content":{"rendered":"<p class=\"translation-block\">Mark Soworka est reconnu au niveau international comme l\u2019un des <strong>PADI Course Directors<\/strong> les plus exp\u00e9riment\u00e9s et les plus performants. Depuis <strong>1997<\/strong>, il maintient le <strong>taux de r\u00e9ussite le plus \u00e9lev\u00e9 aux Instructor Examinations (IE)<\/strong> \u00e0 l\u2019\u00e9chelle mondiale, contribuant \u00e0 former des milliers d\u2019instructeurs de plong\u00e9e qui travaillent aujourd\u2019hui avec succ\u00e8s dans le monde entier.<\/p>\n\n\n\n<p class=\"translation-block\">Il a commenc\u00e9 \u00e0 plonger \u00e0 l\u2019\u00e2ge de douze ans et a accumul\u00e9 une exp\u00e9rience consid\u00e9rable, allant de la <strong>c\u00f4te est de l\u2019Australie<\/strong> \u00e0 <strong>l\u2019Afrique<\/strong>, de <strong>l\u2019Am\u00e9rique du Sud<\/strong> \u00e0 <strong>l\u2019Europe<\/strong>, et a m\u00eame pass\u00e9 plusieurs mois dans le <strong>Cercle polaire arctique<\/strong>. Avant de devenir Directeur de Cours, il a d\u00e9livr\u00e9 <strong>pr\u00e8s de 2 000 certifications de plong\u00e9e<\/strong> et occup\u00e9 des postes de <strong>manager<\/strong> et <strong>training manager<\/strong> dans des centres de plong\u00e9e internationaux.<\/p>\n\n\n\n<p>Sa vision globale et sa m\u00e9thode d\u2019enseignement, adaptable \u00e0 des contextes tr\u00e8s vari\u00e9s, font de Mark une figure incontournable dans le domaine de la formation de plong\u00e9e.<\/p>\n\n\n\n<p class=\"translation-block\">Depuis <strong>1997<\/strong>, Mark dirige des <strong>IDC entre Koh Tao et Koh Samui<\/strong>, en Tha\u00eflande, o\u00f9 il a form\u00e9 des g\u00e9n\u00e9rations d\u2019instructeurs.\n\u00c0 ce jour, il a d\u00e9livr\u00e9 <strong>plus de 5 000 certifications professionnelles<\/strong>, s\u2019imposant comme une r\u00e9f\u00e9rence pour ceux qui souhaitent b\u00e2tir une carri\u00e8re internationale et solide dans la plong\u00e9e.<\/p>\n\n\n\n<p class=\"translation-block\">En <strong>2015<\/strong>, Mark rejoint l\u2019\u00e9quipe du <strong>Sea Spirit Diving Resort<\/strong> en Sicile et lance le projet europ\u00e9en <strong>Dive-Careers Europe<\/strong> avec <strong>le Master Instructor Carmelo Sgroi<\/strong>. Gr\u00e2ce \u00e0 cette collaboration, il apporte en <a href=\"https:\/\/seaspirit.it\/fr\/plongees-a-taormine\/\" data-type=\"page\" data-id=\"204\" title=\"Plongees a taormine\" target=\"_self\">Plongees a taormine<\/a> la qualit\u00e9, la structure et le succ\u00e8s d\u2019un syst\u00e8me de formation \u00e9prouv\u00e9 dans le monde entier.<\/p>\n\n\n\n<p><\/p>","protected":false},"excerpt":{"rendered":"<p>Mark Soworka \u00e8 riconosciuto a livello internazionale come uno dei PADI Course Director pi\u00f9 esperti e di successo. Attivo dal 1997, ha mantenuto nel tempo il pi\u00f9 alto tasso di successo negli Instructor Examination (IE) PADI a livello globale, contribuendo alla formazione di migliaia di istruttori subacquei che oggi lavorano con soddisfazione in tutto il [&hellip;]<\/p>\n","protected":false},"author":1,"featured_media":0,"parent":319,"menu_order":0,"comment_status":"closed","ping_status":"closed","template":"","meta":{"_acf_changed":false,"inline_featured_image":false,"footnotes":""},"class_list":["post-494","page","type-page","status-publish","hentry"],"acf":[],"_links":{"self":[{"href":"https:\/\/seaspirit.it\/fr\/wp-json\/wp\/v2\/pages\/494","targetHints":{"allow":["GET"]}}],"collection":[{"href":"https:\/\/seaspirit.it\/fr\/wp-json\/wp\/v2\/pages"}],"about":[{"href":"https:\/\/seaspirit.it\/fr\/wp-json\/wp\/v2\/types\/page"}],"author":[{"embeddable":true,"href":"https:\/\/seaspirit.it\/fr\/wp-json\/wp\/v2\/users\/1"}],"replies":[{"embeddable":true,"href":"https:\/\/seaspirit.it\/fr\/wp-json\/wp\/v2\/comments?post=494"}],"version-history":[{"count":3,"href":"https:\/\/seaspirit.it\/fr\/wp-json\/wp\/v2\/pages\/494\/revisions"}],"predecessor-version":[{"id":1520,"href":"https:\/\/seaspirit.it\/fr\/wp-json\/wp\/v2\/pages\/494\/revisions\/1520"}],"up":[{"embeddable":true,"href":"https:\/\/seaspirit.it\/fr\/wp-json\/wp\/v2\/pages\/319"}],"wp:attachment":[{"href":"https:\/\/seaspirit.it\/fr\/wp-json\/wp\/v2\/media?parent=494"}],"curies":[{"name":"wp","href":"https:\/\/api.w.org\/{rel}","templated":true}]}}