{"id":486,"date":"2025-05-08T16:53:06","date_gmt":"2025-05-08T14:53:06","guid":{"rendered":"https:\/\/seaspirit.it\/?page_id=486"},"modified":"2026-03-13T10:08:10","modified_gmt":"2026-03-13T09:08:10","slug":"cilla-lentz","status":"publish","type":"page","link":"https:\/\/seaspirit.it\/fr\/qui-sommes-nous\/cilla-lentz\/","title":{"rendered":"Cilla Lentz"},"content":{"rendered":"<p class=\"translation-block\">La passion de Cilla Lentz pour la plong\u00e9e est n\u00e9e en <strong>2010<\/strong>, lors de vacances \u00e0 <strong>Koh Tao<\/strong>, en Tha\u00eflande. De retour aux Pays-Bas et \u00e0 sa vie quotidienne, elle ressent le besoin d\u2019un profond changement. En <strong>2012<\/strong>, elle d\u00e9cide de suivre sa vocation et retourne \u00e0 Koh Tao pour commencer son parcours professionnel en tant que <strong>PADI Divemaster<\/strong>.<\/p>\n\n\n\n<p class=\"translation-block\">Pendant sa formation, elle collabore avec des instructeurs exp\u00e9riment\u00e9s et participe \u00e0 de nombreux cours, d\u00e9veloppant sa technique, sa sensibilit\u00e9 et ses comp\u00e9tences p\u00e9dagogiques. Son stage au <strong>Buddha View Dive Resort<\/strong> devient rapidement un nouveau d\u00e9fi : devenir <strong>PADI Open Water Scuba Instructor<\/strong>.<\/p>\n\n\n\n<p class=\"translation-block\">Apr\u00e8s l\u2019obtention de sa certification, elle travaille pendant plusieurs ann\u00e9es dans les meilleurs centres de plong\u00e9e de Koh Tao, notamment au <strong>Buddha View<\/strong> et chez <strong>Master Divers<\/strong>, approfondissant non seulement l\u2019enseignement mais aussi la gestion op\u00e9rationnelle de centres internationaux, avec une attention particuli\u00e8re au contact client et \u00e0 l\u2019exp\u00e9rience sous-marine.<\/p>\n\n\n\n<p class=\"translation-block\">En <strong>2013<\/strong>, elle s\u2019installe en <strong>Sicile<\/strong>, d\u00e9sireuse d\u2019appliquer ses comp\u00e9tences dans un environnement diff\u00e9rent tel que la <strong>mer M\u00e9diterran\u00e9e<\/strong> et de continuer \u00e0 \u00e9voluer comme instructrice. L\u2019ann\u00e9e suivante, elle obtient la qualification de <strong>PADI Master Scuba Diver Trainer (MSDT)<\/strong>, puis celle de <strong>PADI IDC Staff Instructor<\/strong>, s\u2019imposant dans le domaine de la formation professionnelle.<\/p>\n\n\n\n<p class=\"translation-block\">Aujourd\u2019hui, <strong>Cilla dirige le Sea Spirit Diving Resort<\/strong>, o\u00f9 elle enseigne avec passion \u00e0 des plongeurs de tous niveaux, accompagnant ceux qui d\u00e9couvrent la plong\u00e9e pour la premi\u00e8re fois et aidant d\u2019autres \u00e0 en faire leur m\u00e9tier <a href=\"https:\/\/seaspirit.it\/fr\/plongees-a-taormine\/\" title=\"plongees-a-taormine\">Plongees a Taormine<\/a>.<\/p>\n\n\n\n<p><\/p>","protected":false},"excerpt":{"rendered":"<p>La passione per la subacquea nasce per Cilla Lentz nel 2010, durante una vacanza a Koh Tao, in Thailandia. Tornata nei Paesi Bassi alla sua vita e al lavoro di sempre, sente il bisogno di un cambiamento profondo. Nel 2012 decide di seguire la sua vocazione e torna a Koh Tao per intraprendere il percorso [&hellip;]<\/p>\n","protected":false},"author":1,"featured_media":0,"parent":319,"menu_order":0,"comment_status":"closed","ping_status":"closed","template":"","meta":{"_acf_changed":false,"inline_featured_image":false,"footnotes":""},"class_list":["post-486","page","type-page","status-publish","hentry"],"acf":[],"_links":{"self":[{"href":"https:\/\/seaspirit.it\/fr\/wp-json\/wp\/v2\/pages\/486","targetHints":{"allow":["GET"]}}],"collection":[{"href":"https:\/\/seaspirit.it\/fr\/wp-json\/wp\/v2\/pages"}],"about":[{"href":"https:\/\/seaspirit.it\/fr\/wp-json\/wp\/v2\/types\/page"}],"author":[{"embeddable":true,"href":"https:\/\/seaspirit.it\/fr\/wp-json\/wp\/v2\/users\/1"}],"replies":[{"embeddable":true,"href":"https:\/\/seaspirit.it\/fr\/wp-json\/wp\/v2\/comments?post=486"}],"version-history":[{"count":5,"href":"https:\/\/seaspirit.it\/fr\/wp-json\/wp\/v2\/pages\/486\/revisions"}],"predecessor-version":[{"id":1518,"href":"https:\/\/seaspirit.it\/fr\/wp-json\/wp\/v2\/pages\/486\/revisions\/1518"}],"up":[{"embeddable":true,"href":"https:\/\/seaspirit.it\/fr\/wp-json\/wp\/v2\/pages\/319"}],"wp:attachment":[{"href":"https:\/\/seaspirit.it\/fr\/wp-json\/wp\/v2\/media?parent=486"}],"curies":[{"name":"wp","href":"https:\/\/api.w.org\/{rel}","templated":true}]}}