{"id":476,"date":"2025-05-08T15:49:08","date_gmt":"2025-05-08T13:49:08","guid":{"rendered":"https:\/\/seaspirit.it\/?page_id=476"},"modified":"2026-03-13T10:01:18","modified_gmt":"2026-03-13T09:01:18","slug":"carmelo-sgroi","status":"publish","type":"page","link":"https:\/\/seaspirit.it\/fr\/qui-sommes-nous\/carmelo-sgroi\/","title":{"rendered":"Carmelo Sgroi"},"content":{"rendered":"<p class=\"translation-block\">La carri\u00e8re de plongeur de Carmelo Sgroi commence en tant que <strong>PADI Divemaster<\/strong> dans les eaux cristallines de la c\u00f4te ionienne de <a href=\"https:\/\/seaspirit.it\/fr\/plongees-a-taormine\/\" title=\"plongees Taormine\"><strong>plongees Taormine<\/strong><\/a>, o\u00f9 il acquiert une connaissance approfondie des fonds marins et des principaux sites de plong\u00e9e, adapt\u00e9s aussi bien aux plongeurs exp\u00e9riment\u00e9s qu\u2019aux d\u00e9butants (bapt\u00eames de plong\u00e9e).<\/p>\n\n\n\n<p class=\"translation-block\">Par la suite, il obtient la certification de <strong>PADI Open Water Scuba Instructor<\/strong> dans l\u2019une des \u00e9coles de plong\u00e9e les plus renomm\u00e9es au monde : <strong>Prodive \u00e0 Cairns<\/strong>, dans le nord du Queensland, en Australie. \u00c0 partir de 2009, il travaille pour l\u2019importante compagnie <strong>Ocean Freedom\/Ocean Free<\/strong>, op\u00e9rant quotidiennement sur la <strong>Grande Barri\u00e8re de Corail<\/strong>, l\u2019un des patrimoines naturels les plus pr\u00e9cieux au monde.<\/p>\n\n\n\n<p class=\"translation-block\">Il poursuit sa carri\u00e8re professionnelle en obtenant les titres de <strong>PADI IDC Staff Instructor<\/strong> puis de <strong>Master Instructor<\/strong>, en travaillant au <strong>Buddha View Dive Resort<\/strong> \u00e0 <strong>Koh Tao, Tha\u00eflande<\/strong>. Il y collabore avec <strong>Mark Soworka<\/strong>, l\u2019un des <strong>Platinum Course Directors<\/strong> les plus reconnus au niveau international, et avec l\u2019organisation <strong>Dive-Careers<\/strong>, se sp\u00e9cialisant dans la formation de plongeurs professionnels.<\/p>\n\n\n\n<p class=\"translation-block\">En <strong>2018<\/strong>, Carmelo r\u00e9ussit le cours PADI pour devenir <strong>Course Director<\/strong> en Malaisie, obtenant la plus haute qualification du syst\u00e8me \u00e9ducatif PADI.<\/p>\n\n\n\n<p>Au cours de ces ann\u00e9es \u00e0 l\u2019\u00e9tranger, il affine un style d\u2019enseignement centr\u00e9 sur le plongeur, attentif aux besoins individuels, \u00e0 la qualit\u00e9 de la formation et \u00e0 l\u2019exp\u00e9rience en mer.<\/p>\n\n\n\n<p class=\"translation-block\">De retour en <strong>Sicile<\/strong>, sa terre natale, Carmelo revient avec un bagage de comp\u00e9tences internationales, avec l\u2019objectif de faire d\u00e9couvrir aux plongeurs du monde entier la beaut\u00e9 naturelle et la richesse des fonds marins de la <strong>mer Ionienne et de la M\u00e9diterran\u00e9e<\/strong>.<\/p>\n\n\n\n<p class=\"translation-block\">En <strong>2015<\/strong>, gr\u00e2ce \u00e0 son engagement et \u00e0 sa collaboration avec Mark Soworka, le <strong>Sea Spirit Diving Resort<\/strong> devient un <strong>PADI 5 Star IDC Center<\/strong> et le premier <strong>cours international d\u2019instructeurs PADI<\/strong> est organis\u00e9 en Sicile, donnant naissance au projet <strong>Dive-Careers Europe<\/strong>.<\/p>","protected":false},"excerpt":{"rendered":"<p>La carriera subacquea di Carmelo Sgroi inizia come PADI Divemaster nelle acque cristalline della costa ionica durante le Immersioni a Taormina, dove sviluppa una profonda conoscenza dei fondali e dei principali punti di immersione, adatti sia a subacquei esperti che a principianti (battesimi del mare). Successivamente si certifica come PADI Open Water Scuba Instructor presso [&hellip;]<\/p>\n","protected":false},"author":1,"featured_media":0,"parent":319,"menu_order":0,"comment_status":"closed","ping_status":"closed","template":"","meta":{"_acf_changed":false,"inline_featured_image":false,"footnotes":""},"class_list":["post-476","page","type-page","status-publish","hentry"],"acf":[],"_links":{"self":[{"href":"https:\/\/seaspirit.it\/fr\/wp-json\/wp\/v2\/pages\/476","targetHints":{"allow":["GET"]}}],"collection":[{"href":"https:\/\/seaspirit.it\/fr\/wp-json\/wp\/v2\/pages"}],"about":[{"href":"https:\/\/seaspirit.it\/fr\/wp-json\/wp\/v2\/types\/page"}],"author":[{"embeddable":true,"href":"https:\/\/seaspirit.it\/fr\/wp-json\/wp\/v2\/users\/1"}],"replies":[{"embeddable":true,"href":"https:\/\/seaspirit.it\/fr\/wp-json\/wp\/v2\/comments?post=476"}],"version-history":[{"count":10,"href":"https:\/\/seaspirit.it\/fr\/wp-json\/wp\/v2\/pages\/476\/revisions"}],"predecessor-version":[{"id":1517,"href":"https:\/\/seaspirit.it\/fr\/wp-json\/wp\/v2\/pages\/476\/revisions\/1517"}],"up":[{"embeddable":true,"href":"https:\/\/seaspirit.it\/fr\/wp-json\/wp\/v2\/pages\/319"}],"wp:attachment":[{"href":"https:\/\/seaspirit.it\/fr\/wp-json\/wp\/v2\/media?parent=476"}],"curies":[{"name":"wp","href":"https:\/\/api.w.org\/{rel}","templated":true}]}}