{"id":263,"date":"2025-04-09T16:22:57","date_gmt":"2025-04-09T14:22:57","guid":{"rendered":"https:\/\/seaspirit.it\/?page_id=263"},"modified":"2025-06-05T09:43:29","modified_gmt":"2025-06-05T07:43:29","slug":"carriere","status":"publish","type":"page","link":"https:\/\/seaspirit.it\/fr\/carriere\/","title":{"rendered":"CARRI\u00c8RE"},"content":{"rendered":"<p class=\"translation-block\">Sea Spirit Diving Resort, situ\u00e9 dans le splendide d\u00e9cor de <strong>Giardini Naxos, en Sicile<\/strong>, est le point de d\u00e9part id\u00e9al pour construire une carri\u00e8re solide et passionnante dans le monde de la plong\u00e9e. Nous sommes un <strong>PADI 5 Star IDC Resort<\/strong> sp\u00e9cialis\u00e9 dans la <strong>formation professionnelle<\/strong> : ici, on ne t\u2019apprend pas seulement \u00e0 plonger, mais \u00e0 vivre la mer en tant que protagoniste.<\/p>\n\n\n\n<h3 class=\"wp-block-heading\">Commence par la formation Divemaster<\/h3>\n\n\n\n<p class=\"translation-block\">La premi\u00e8re \u00e9tape de ton parcours professionnel est le <a href=\"\/fr\/cours-padi\/padi-divemaster\/\" target=\"_self\">cours PADI Divemaster<\/a>, un programme complet et avanc\u00e9 qui te permettra d\u2019acqu\u00e9rir les comp\u00e9tences techniques, organisationnelles et relationnelles n\u00e9cessaires pour devenir un v\u00e9ritable leader sous-marin. Tu apprendras \u00e0 g\u00e9rer les plong\u00e9es, \u00e0 assister pendant les cours et \u00e0 soutenir activement et avec responsabilit\u00e9 les activit\u00e9s du centre de plong\u00e9e.<\/p>\n\n\n\n<figure class=\"wp-block-embed is-type-video is-provider-youtube wp-block-embed-youtube wp-embed-aspect-16-9 wp-has-aspect-ratio\"><div class=\"wp-block-embed__wrapper\">\n<iframe title=\"PADI IDC with DIVE CAREERS | GO PRO!\" width=\"500\" height=\"281\" src=\"https:\/\/www.youtube.com\/embed\/SmYABssLIhA?feature=oembed\" frameborder=\"0\" allow=\"accelerometer; autoplay; clipboard-write; encrypted-media; gyroscope; picture-in-picture; web-share\" referrerpolicy=\"strict-origin-when-cross-origin\" allowfullscreen><\/iframe>\n<\/div><\/figure>\n\n\n\n<h3 class=\"wp-block-heading\">Werde PADI Tauchlehrer<\/h3>\n\n\n\n<p class=\"translation-block\">Sea Spirit est aussi un <strong>centre d\u2019excellence pour la formation des instructeurs<\/strong>. Chaque ann\u00e9e, nous organisons <a href=\"\/fr\/cours-padi\/padi-idc\/\" target=\"_self\">3 IDC (Instructor Development Course)<\/a> intensifs, dirig\u00e9s par notre Course Director et con\u00e7us pour t\u2019offrir tout le soutien n\u00e9cessaire pour r\u00e9ussir l\u2019<strong>Instructor Exam (IE)<\/strong>.\nAvec le brevet <strong>Open Water Scuba Instructor<\/strong>, tu seras pr\u00eat \u00e0 transmettre connaissances, s\u00e9curit\u00e9 et passion \u00e0 tes futurs \u00e9l\u00e8ves, partout dans le monde.<\/p>\n\n\n\n<h3 class=\"wp-block-heading\">\u00c9volue \u00e0 l\u2019international<\/h3>\n\n\n\n<p class=\"translation-block\">Ta carri\u00e8re avec Sea Spirit ne s\u2019arr\u00eate pas en Sicile. Gr\u00e2ce \u00e0 notre partenariat avec <strong>Dive-Careers Europe<\/strong> et <strong>Dive-Careers<\/strong>, tu pourras <strong>poursuivre ta formation sur l\u2019\u00eele de Koh Tao, en Tha\u00eflande<\/strong>. L\u00e0, tu pourras acc\u00e9der aux <strong>programmes MSDT (Master Scuba Diver Trainer)<\/strong>, assister des instructeurs exp\u00e9riment\u00e9s et vivre une vraie exp\u00e9rience dans la gestion de cours de plong\u00e9e.<\/p>\n\n\n\n<p class=\"translation-block\"><strong>Formation. Exp\u00e9rience. Opportunit\u00e9s.<\/strong><br>\nNous sommes pr\u00eats \u00e0 t\u2019accompagner dans ce voyage. Nous te demandons juste une chose : <strong>viens avec ta passion pour la mer<\/strong>.<\/p>\n\n\n\n<figure class=\"wp-block-embed is-type-video is-provider-youtube wp-block-embed-youtube wp-embed-aspect-16-9 wp-has-aspect-ratio\"><div class=\"wp-block-embed__wrapper\">\n<iframe title=\"PADI TEC40 COURSE with PLATINUM COURSE DIRECTOR Carmelo Sgroi | WHO WE ARE\" width=\"500\" height=\"281\" src=\"https:\/\/www.youtube.com\/embed\/v6zNfr_YLRQ?feature=oembed\" frameborder=\"0\" allow=\"accelerometer; autoplay; clipboard-write; encrypted-media; gyroscope; picture-in-picture; web-share\" referrerpolicy=\"strict-origin-when-cross-origin\" allowfullscreen><\/iframe>\n<\/div><\/figure>","protected":false},"excerpt":{"rendered":"<p>Sea Spirit Diving Resort, immerso nella splendida cornice di Giardini Naxos, in Sicilia, \u00e8 il punto di partenza ideale per costruire una carriera solida e appassionante nel mondo delle immersioni. Siamo un PADI 5 Star IDC Resort specializzato nella formazione professionale: qui non ti insegniamo solo a immergerti, ma a vivere il mare da protagonista. [&hellip;]<\/p>\n","protected":false},"author":1,"featured_media":0,"parent":0,"menu_order":0,"comment_status":"closed","ping_status":"closed","template":"","meta":{"_acf_changed":false,"inline_featured_image":false,"footnotes":""},"class_list":["post-263","page","type-page","status-publish","hentry"],"acf":[],"_links":{"self":[{"href":"https:\/\/seaspirit.it\/fr\/wp-json\/wp\/v2\/pages\/263","targetHints":{"allow":["GET"]}}],"collection":[{"href":"https:\/\/seaspirit.it\/fr\/wp-json\/wp\/v2\/pages"}],"about":[{"href":"https:\/\/seaspirit.it\/fr\/wp-json\/wp\/v2\/types\/page"}],"author":[{"embeddable":true,"href":"https:\/\/seaspirit.it\/fr\/wp-json\/wp\/v2\/users\/1"}],"replies":[{"embeddable":true,"href":"https:\/\/seaspirit.it\/fr\/wp-json\/wp\/v2\/comments?post=263"}],"version-history":[{"count":11,"href":"https:\/\/seaspirit.it\/fr\/wp-json\/wp\/v2\/pages\/263\/revisions"}],"predecessor-version":[{"id":522,"href":"https:\/\/seaspirit.it\/fr\/wp-json\/wp\/v2\/pages\/263\/revisions\/522"}],"wp:attachment":[{"href":"https:\/\/seaspirit.it\/fr\/wp-json\/wp\/v2\/media?parent=263"}],"curies":[{"name":"wp","href":"https:\/\/api.w.org\/{rel}","templated":true}]}}