{"id":494,"date":"2025-05-08T17:28:43","date_gmt":"2025-05-08T15:28:43","guid":{"rendered":"https:\/\/seaspirit.it\/?page_id=494"},"modified":"2026-03-12T16:17:43","modified_gmt":"2026-03-12T15:17:43","slug":"mark-soworka","status":"publish","type":"page","link":"https:\/\/seaspirit.it\/de\/uber-uns\/mark-soworka\/","title":{"rendered":"Mark Soworka"},"content":{"rendered":"<p class=\"translation-block\">Mark Soworka ist international als einer der erfahrensten und erfolgreichsten <strong>PADI Course Directors<\/strong> anerkannt. Seit <strong>1997<\/strong> h\u00e4lt er die <strong>h\u00f6chste Erfolgsquote bei der Instructor Examination (IE)<\/strong> weltweit und hat zur Ausbildung von Tausenden Tauchlehrern beigetragen, die heute weltweit erfolgreich arbeiten.<\/p>\n\n\n\n<p class=\"translation-block\">Er begann mit dem Tauchen im Alter von zw\u00f6lf Jahren und sammelte umfangreiche Erfahrungen \u2013 von der <strong>Ostk\u00fcste Australiens<\/strong> \u00fcber <strong>Afrika<\/strong>, <strong>S\u00fcdamerika<\/strong> und <strong>Europa<\/strong> bis hin zum <strong>Polarkreis<\/strong>, wo er mehrere Monate verbrachte. Vor seiner T\u00e4tigkeit als Course Director stellte er <strong>fast 2.000 Tauchzertifikate<\/strong> aus und arbeitete als <strong>Manager<\/strong> und <strong>Training Manager<\/strong> in internationalen Tauchzentren.<\/p>\n\n\n\n<p>Seine globale Perspektive und seine anpassungsf\u00e4hige Lehrmethode machen Mark zu einer einzigartigen Pers\u00f6nlichkeit in der Taucherausbildung.<\/p>\n\n\n\n<p class=\"translation-block\">Seit <strong>1997<\/strong> leitet Mark <strong>IDC-Kurse zwischen Koh Tao und Koh Samui<\/strong> in Thailand und hat dort Generationen von Instruktoren ausgebildet.\nBis heute hat er <strong>\u00fcber 5.000 professionelle Zertifizierungen<\/strong> ausgestellt und gilt als eine der wichtigsten Anlaufstellen f\u00fcr alle, die eine solide und internationale Tauchkarriere anstreben.<\/p>\n\n\n\n<p class=\"translation-block\">Im Jahr <strong>2015<\/strong> schloss sich Mark dem Team von <strong>Sea Spirit Diving Resort<\/strong> in Sizilien an und gr\u00fcndete mit <strong>Master Instructor Carmelo Sgroi<\/strong> das europ\u00e4ische Projekt <strong>Dive-Careers Europe<\/strong>. Durch diese Zusammenarbeit bringt er Qualit\u00e4t, Struktur und den weltweiten Erfolg eines bew\u00e4hrten Ausbildungssystems nach <a href=\"https:\/\/seaspirit.it\/de\/tauchen-in-taormina\/\" data-type=\"page\" data-id=\"204\" title=\"Tauchen in taormina\" target=\"_self\">Tauchen in Taormina<\/a>.<\/p>\n\n\n\n<p><\/p>","protected":false},"excerpt":{"rendered":"<p>Mark Soworka \u00e8 riconosciuto a livello internazionale come uno dei PADI Course Director pi\u00f9 esperti e di successo. Attivo dal 1997, ha mantenuto nel tempo il pi\u00f9 alto tasso di successo negli Instructor Examination (IE) PADI a livello globale, contribuendo alla formazione di migliaia di istruttori subacquei che oggi lavorano con soddisfazione in tutto il [&hellip;]<\/p>\n","protected":false},"author":1,"featured_media":0,"parent":319,"menu_order":0,"comment_status":"closed","ping_status":"closed","template":"","meta":{"_acf_changed":false,"inline_featured_image":false,"footnotes":""},"class_list":["post-494","page","type-page","status-publish","hentry"],"acf":[],"_links":{"self":[{"href":"https:\/\/seaspirit.it\/de\/wp-json\/wp\/v2\/pages\/494","targetHints":{"allow":["GET"]}}],"collection":[{"href":"https:\/\/seaspirit.it\/de\/wp-json\/wp\/v2\/pages"}],"about":[{"href":"https:\/\/seaspirit.it\/de\/wp-json\/wp\/v2\/types\/page"}],"author":[{"embeddable":true,"href":"https:\/\/seaspirit.it\/de\/wp-json\/wp\/v2\/users\/1"}],"replies":[{"embeddable":true,"href":"https:\/\/seaspirit.it\/de\/wp-json\/wp\/v2\/comments?post=494"}],"version-history":[{"count":3,"href":"https:\/\/seaspirit.it\/de\/wp-json\/wp\/v2\/pages\/494\/revisions"}],"predecessor-version":[{"id":1520,"href":"https:\/\/seaspirit.it\/de\/wp-json\/wp\/v2\/pages\/494\/revisions\/1520"}],"up":[{"embeddable":true,"href":"https:\/\/seaspirit.it\/de\/wp-json\/wp\/v2\/pages\/319"}],"wp:attachment":[{"href":"https:\/\/seaspirit.it\/de\/wp-json\/wp\/v2\/media?parent=494"}],"curies":[{"name":"wp","href":"https:\/\/api.w.org\/{rel}","templated":true}]}}