{"id":486,"date":"2025-05-08T16:53:06","date_gmt":"2025-05-08T14:53:06","guid":{"rendered":"https:\/\/seaspirit.it\/?page_id=486"},"modified":"2026-03-13T10:08:10","modified_gmt":"2026-03-13T09:08:10","slug":"cilla-lentz","status":"publish","type":"page","link":"https:\/\/seaspirit.it\/de\/uber-uns\/cilla-lentz\/","title":{"rendered":"Cilla Lentz"},"content":{"rendered":"<p class=\"translation-block\">Cilla Lentz\u2019 Leidenschaft f\u00fcr das Tauchen begann <strong>2010<\/strong> w\u00e4hrend eines Urlaubs auf <strong>Koh Tao<\/strong> in Thailand. Zur\u00fcck in den Niederlanden und in ihrem gewohnten Alltag sp\u00fcrte sie den Drang nach einem tiefgreifenden Wandel. <strong>2012<\/strong> entschied sie sich, ihrer Berufung zu folgen, und kehrte nach Koh Tao zur\u00fcck, um ihre Ausbildung zur <strong>PADI Divemaster<\/strong> zu beginnen.<\/p>\n\n\n\n<p class=\"translation-block\">W\u00e4hrend ihrer Ausbildung arbeitete sie mit erfahrenen Ausbildern zusammen und nahm an zahlreichen Kursen teil, wobei sie Technik, Sensibilit\u00e4t und p\u00e4dagogische F\u00e4higkeiten verfeinerte. Ihr Praktikum im <strong>Buddha View Dive Resort<\/strong> wurde schnell zur neuen Herausforderung: <strong>PADI Open Water Scuba Instructor<\/strong> zu werden.<\/p>\n\n\n\n<p class=\"translation-block\">Nach der Zertifizierung arbeitete sie mehrere Jahre in den besten Tauchzentren von Koh Tao, darunter <strong>Buddha View<\/strong> und <strong>Master Divers<\/strong>. Dabei vertiefte sie nicht nur ihre Lehrf\u00e4higkeiten, sondern auch ihr Wissen \u00fcber die Betriebsf\u00fchrung internationaler Tauchzentren \u2013 mit besonderem Augenmerk auf Kundenbeziehungen und Taucherlebnisse.<\/p>\n\n\n\n<p class=\"translation-block\">Im <strong>Jahr 2013<\/strong> zog sie nach <strong>Sizilien<\/strong>, um ihre F\u00e4higkeiten in einem anderen Umfeld wie dem <strong>Mittelmeer<\/strong> einzusetzen und sich als Tauchlehrerin weiterzuentwickeln. Im darauffolgenden Jahr erhielt sie die Qualifikation als <strong>PADI Master Scuba Diver Trainer (MSDT)<\/strong> und sp\u00e4ter als <strong>PADI IDC Staff Instructor<\/strong>, womit sie sich im Bereich der professionellen Tauchlehrerausbildung etablierte.<\/p>\n\n\n\n<p class=\"translation-block\">Heute <strong>leitet Cilla das Sea Spirit Diving Resort<\/strong>, wo sie mit Leidenschaft Taucher aller Erfahrungsstufen ausbildet \u2013 vom ersten Kontakt mit dem Tauchsport bis hin zur beruflichen Laufbahn <a href=\"https:\/\/seaspirit.it\/de\/tauchen-in-taormina\/\" title=\"tauchen-in-taormina\">Tauchen in taormina<\/a>.<\/p>\n\n\n\n<p><\/p>","protected":false},"excerpt":{"rendered":"<p>La passione per la subacquea nasce per Cilla Lentz nel 2010, durante una vacanza a Koh Tao, in Thailandia. Tornata nei Paesi Bassi alla sua vita e al lavoro di sempre, sente il bisogno di un cambiamento profondo. Nel 2012 decide di seguire la sua vocazione e torna a Koh Tao per intraprendere il percorso [&hellip;]<\/p>\n","protected":false},"author":1,"featured_media":0,"parent":319,"menu_order":0,"comment_status":"closed","ping_status":"closed","template":"","meta":{"_acf_changed":false,"inline_featured_image":false,"footnotes":""},"class_list":["post-486","page","type-page","status-publish","hentry"],"acf":[],"_links":{"self":[{"href":"https:\/\/seaspirit.it\/de\/wp-json\/wp\/v2\/pages\/486","targetHints":{"allow":["GET"]}}],"collection":[{"href":"https:\/\/seaspirit.it\/de\/wp-json\/wp\/v2\/pages"}],"about":[{"href":"https:\/\/seaspirit.it\/de\/wp-json\/wp\/v2\/types\/page"}],"author":[{"embeddable":true,"href":"https:\/\/seaspirit.it\/de\/wp-json\/wp\/v2\/users\/1"}],"replies":[{"embeddable":true,"href":"https:\/\/seaspirit.it\/de\/wp-json\/wp\/v2\/comments?post=486"}],"version-history":[{"count":5,"href":"https:\/\/seaspirit.it\/de\/wp-json\/wp\/v2\/pages\/486\/revisions"}],"predecessor-version":[{"id":1518,"href":"https:\/\/seaspirit.it\/de\/wp-json\/wp\/v2\/pages\/486\/revisions\/1518"}],"up":[{"embeddable":true,"href":"https:\/\/seaspirit.it\/de\/wp-json\/wp\/v2\/pages\/319"}],"wp:attachment":[{"href":"https:\/\/seaspirit.it\/de\/wp-json\/wp\/v2\/media?parent=486"}],"curies":[{"name":"wp","href":"https:\/\/api.w.org\/{rel}","templated":true}]}}