{"id":476,"date":"2025-05-08T15:49:08","date_gmt":"2025-05-08T13:49:08","guid":{"rendered":"https:\/\/seaspirit.it\/?page_id=476"},"modified":"2026-03-13T10:01:18","modified_gmt":"2026-03-13T09:01:18","slug":"carmelo-sgroi","status":"publish","type":"page","link":"https:\/\/seaspirit.it\/de\/uber-uns\/carmelo-sgroi\/","title":{"rendered":"Carmelo Sgroi"},"content":{"rendered":"<p class=\"translation-block\">Die Tauchkarriere von Carmelo Sgroi beginnt als <strong>PADI Divemaster<\/strong> in den kristallklaren Gew\u00e4ssern der ionischen K\u00fcste von &lt;a <a href=\"https:\/\/seaspirit.it\/de\/tauchen-in-taormina\/\" title=\"Tauchg\u00e4nge Taormina\"><strong>Tauchg\u00e4nge \nTaormina<\/strong><\/a>, wo er ein tiefes Wissen \u00fcber die Tauchpl\u00e4tze und Meeresgr\u00fcnde entwickelt \u2013 geeignet f\u00fcr erfahrene Taucher ebenso wie f\u00fcr Anf\u00e4nger (Schnuppertauchen).<\/p>\n\n\n\n<p class=\"translation-block\">Sp\u00e4ter wird er <strong>PADI Open Water Scuba Instructor<\/strong> an einer der renommiertesten Tauchschulen der Welt: <strong>Prodive in Cairns<\/strong>, im n\u00f6rdlichen Queensland, Australien. Ab 2009 arbeitet er f\u00fcr das bedeutende Unternehmen <strong>Ocean Freedom\/Ocean Free<\/strong>, t\u00e4glich an der <strong>Great Barrier Reef<\/strong>, einem der wertvollsten Naturerben der Welt.<\/p>\n\n\n\n<p class=\"translation-block\">Seine Karriere setzt er mit den Titeln <strong>PADI IDC Staff Instructor<\/strong> und <strong>Master Instructor<\/strong> fort. Er arbeitet im <strong>Buddha View Dive Resort<\/strong> auf <strong>Koh Tao, Thailand<\/strong> und hat die Gelegenheit, mit <strong>Mark Soworka<\/strong>, einem der international f\u00fchrenden <strong>Platinum Course Directors<\/strong>, sowie mit der Organisation <strong>Dive-Careers<\/strong> zusammenzuarbeiten, spezialisiert auf die Ausbildung professioneller Taucher.<\/p>\n\n\n\n<p class=\"translation-block\"><strong>2018<\/strong> schlie\u00dft Carmelo erfolgreich den PADI-Kurs zum <strong>Course Director<\/strong> in Malaysia ab und erreicht damit die h\u00f6chste Qualifikation im PADI-Ausbildungssystem.<\/p>\n\n\n\n<p>W\u00e4hrend seiner Jahre im Ausland entwickelt er einen taucherzentrierten Lehrstil, der auf individuelle Bed\u00fcrfnisse, hohe Ausbildungsqualit\u00e4t und Wassererfahrung achtet.<\/p>\n\n\n\n<p class=\"translation-block\">Zur\u00fcck in seiner Heimat <strong>Sizilien<\/strong> bringt Carmelo internationales Know-how mit, mit dem Ziel, Tauchern aus aller Welt die Sch\u00f6nheit und Vielfalt der Unterwasserwelt des <strong>Ionischen und Mittelmeers<\/strong> n\u00e4herzubringen.<\/p>\n\n\n\n<p class=\"translation-block\"><strong>2015<\/strong> wird dank seines Engagements und der Zusammenarbeit mit Mark Soworka das <strong>Sea Spirit Diving Resort<\/strong> ein <strong>PADI 5 Star IDC Center<\/strong>, und der erste <strong>internationale PADI-Instruktorenkurs<\/strong> wird in Sizilien organisiert. So entsteht das Projekt <strong>Dive-Careers Europe<\/strong>.<\/p>","protected":false},"excerpt":{"rendered":"<p>La carriera subacquea di Carmelo Sgroi inizia come PADI Divemaster nelle acque cristalline della costa ionica durante le Immersioni a Taormina, dove sviluppa una profonda conoscenza dei fondali e dei principali punti di immersione, adatti sia a subacquei esperti che a principianti (battesimi del mare). Successivamente si certifica come PADI Open Water Scuba Instructor presso [&hellip;]<\/p>\n","protected":false},"author":1,"featured_media":0,"parent":319,"menu_order":0,"comment_status":"closed","ping_status":"closed","template":"","meta":{"_acf_changed":false,"inline_featured_image":false,"footnotes":""},"class_list":["post-476","page","type-page","status-publish","hentry"],"acf":[],"_links":{"self":[{"href":"https:\/\/seaspirit.it\/de\/wp-json\/wp\/v2\/pages\/476","targetHints":{"allow":["GET"]}}],"collection":[{"href":"https:\/\/seaspirit.it\/de\/wp-json\/wp\/v2\/pages"}],"about":[{"href":"https:\/\/seaspirit.it\/de\/wp-json\/wp\/v2\/types\/page"}],"author":[{"embeddable":true,"href":"https:\/\/seaspirit.it\/de\/wp-json\/wp\/v2\/users\/1"}],"replies":[{"embeddable":true,"href":"https:\/\/seaspirit.it\/de\/wp-json\/wp\/v2\/comments?post=476"}],"version-history":[{"count":10,"href":"https:\/\/seaspirit.it\/de\/wp-json\/wp\/v2\/pages\/476\/revisions"}],"predecessor-version":[{"id":1517,"href":"https:\/\/seaspirit.it\/de\/wp-json\/wp\/v2\/pages\/476\/revisions\/1517"}],"up":[{"embeddable":true,"href":"https:\/\/seaspirit.it\/de\/wp-json\/wp\/v2\/pages\/319"}],"wp:attachment":[{"href":"https:\/\/seaspirit.it\/de\/wp-json\/wp\/v2\/media?parent=476"}],"curies":[{"name":"wp","href":"https:\/\/api.w.org\/{rel}","templated":true}]}}